{"id":11699,"date":"2013-11-07T14:45:13","date_gmt":"2013-11-07T13:45:13","guid":{"rendered":"http:\/\/www.harlekin.si\/the-inn-and-pizzeria\/menu\/"},"modified":"2025-04-20T14:14:38","modified_gmt":"2025-04-20T12:14:38","slug":"menu","status":"publish","type":"page","link":"http:\/\/www.harlekin.si\/en\/inn\/menu\/","title":{"rendered":"Menu"},"content":{"rendered":"<p class=\"introduction\"><a href=\"#prva-righta\">First course<\/a> \u2022 <a href=\"#druga-rihta\">Second course<\/a> \u2022 <a href=\"#pice-iz-krusne-peci\">Pizzas from wood burning oven<\/a> \u2022 <a href=\"#tretja-rihta\">Third course<\/a> \u2022 <a href=\"#napitki\">Beverages<\/a><\/p>\n<p><a id=\"prva-rihta\"><\/a><\/p>\n<h2 class=\"with-sub-title\">First course<span class=\"unbold\">\u2014appetizers<\/span><\/h2>\n<p class=\"h2-sub-title\"><a href=\"#hladne-predjedi\">Cold appetizers<\/a> \u2022 <a href=\"#juhe\">Soups<\/a> \u2022 <a href=\"#tople-predjedi\">Warm appetizers<\/a> \u2022 <a href=\"#drugo\">Other<\/a><\/p>\n<div id=\"attachment_11484\" class=\"wp-caption alignleft\" style=\"width: 292px\"><img loading=\"lazy\" decoding=\"async\" src=\"http:\/\/www.harlekin.si\/wp-content\/uploads\/2013\/11\/harlekinov-hladni-kroznik-292x412.jpg\" alt=\"Harlekin's dried meats\" width=\"292\" height=\"412\" class=\"size-medium wp-image-113\" srcset=\"http:\/\/www.harlekin.si\/wp-content\/uploads\/2013\/11\/harlekinov-hladni-kroznik-292x412.jpg 292w, http:\/\/www.harlekin.si\/wp-content\/uploads\/2013\/11\/harlekinov-hladni-kroznik-616x870.jpg 616w, http:\/\/www.harlekin.si\/wp-content\/uploads\/2013\/11\/harlekinov-hladni-kroznik.jpg 665w\" sizes=\"auto, (max-width: 292px) 100vw, 292px\" \/><p class=\"wp-caption-text\">Harlekin&#8217;s dried meats<\/p><\/div>\n<div class=\"column-2-4 align-left\">\n<p><a id=\"hladne-predjedi\"><\/a><\/p>\n<h3>Cold appetizers<\/h3>\n<h5>Dilca Slovene cheeses <span class=\"ingredients\">(v)<\/span><br \/><span class=\"ingredients\">tolminc, sheep&#8217;s cheese, goat&#8217;s cheese<\/span><\/h5>\n<h5>Octopus salad <span class=\"ingredients\">(v)<\/span><\/h5>\n<h5>Harlequin&#8217;s cured meats<br \/><span class=\"ingredients\"> venison salami, bear&#8217;s ham, sheep&#8217;s cheese, porcini mushrooms in vinegar<\/span><\/h5>\n<h5>Bear prosciutto with vinegar-pickled porcini mushrooms<\/h5>\n<p><a id=\"juhe\"><\/a><\/p>\n<h3>Soups<\/h3>\n<h5>Beef broth with homemade noodles<\/h5>\n<h5>Lumberjack mushroom soup with porcini and chanterelles <span class=\"ingredients\">(v)<\/span><\/h5>\n<h5>Daily <span class=\"ingredients\">(seasonal)<\/span> soup<\/h5>\n<p><a id=\"tople-predjedi\"><\/a><\/p>\n<h3>Warm appetizers<\/h3>\n<h5>Grilled porcini mushrooms <span class=\"ingredients\">(v)<\/span><\/h5>\n<p><a id=\"drugo\"><\/a><\/p>\n<h3>Other<\/h3>\n<h5>Meat lasagne<\/h5>\n<h5>Fried cheese <span class=\"ingredients\">(v)<\/span><br \/><span class=\"ingredients\">cheese, fries, tartar sauce<\/span><\/h5>\n<div class=\"delimeter-left\"><\/div>\n<p class=\"footnote\">(v) &#8211; The dish is suitable for vegetarians.<\/p>\n<div class=\"prev-nxt-navigation\">\n<p><span class=\"meta-navigation align-left float-left\"><img loading=\"lazy\" decoding=\"async\" class=\"intext-img-left\" src=\"http:\/\/www.harlekin.si\/wp-content\/themes\/harlekin\/images\/arrow-left.png\" width=\"16\" height=\"6\">to the beginning<\/span><br \/>\n<span class=\"align-left float-left\"><a href=\"#page-title\">Menu<\/a> &#8211; <a href=\"#prva-rihta\">First rihta<\/a><\/span><br class=\"clearer\"><\/p>\n<\/div>\n<\/div>\n<div class=\"clearer\"><\/div>\n<p><a id=\"druga-rihta\"><\/a><\/p>\n<h2 class=\"with-sub-title\">Second course<span class=\"unbold\">\u2014main dishes<\/span><\/h2>\n<p class=\"h2-sub-title\"><a href=\"#enoloncnice\">Single-pot stews<\/a> \u2022 <a href=\"#rizote\">Risottos<\/a> \u2022 <a href=\"#lignji\">Squids<\/a> \u2022 <a href=\"#glavne-mesne\">Main meat dishes<\/a> \u2022 <a href=\"#za-najmlajse\">For children<\/a> \u2022 <a href=\"#priloge\">For children<\/a> \u2022 <a href=\"#solate\">Salads<\/a><\/p>\n<div id=\"attachment_11623\" class=\"wp-caption alignleft\" style=\"width: 292px\"><img loading=\"lazy\" decoding=\"async\" src=\"http:\/\/www.harlekin.si\/wp-content\/uploads\/2023\/01\/ribnska-ponvica-292x412.jpg\" alt=\"Ribnica small pan\" width=\"292\" height=\"412\" class=\"size-medium wp-image-11395\" srcset=\"http:\/\/www.harlekin.si\/wp-content\/uploads\/2023\/01\/ribnska-ponvica-292x412.jpg 292w, http:\/\/www.harlekin.si\/wp-content\/uploads\/2023\/01\/ribnska-ponvica-616x870.jpg 616w, http:\/\/www.harlekin.si\/wp-content\/uploads\/2023\/01\/ribnska-ponvica.jpg 665w\" sizes=\"auto, (max-width: 292px) 100vw, 292px\" \/><p class=\"wp-caption-text\">Ribnica small pan<\/p><\/div>\n<div class=\"column-2-4 align-left\">\n<p><a id=\"enoloncnice\"><\/a><\/p>\n<h3>Single-pot stews<\/h3>\n<h5>Bear goulash with a slice of bread<\/h5>\n<p><a id=\"rizote\"><\/a><\/p>\n<h3>Risottos<\/h3>\n<h5>Harlequin<br \/> chicken<span class=\"ingredients\">, peppers, courgettes and cherry tomatoes<\/span><\/h5>\n<h5>Forestry <span class=\"ingredients\">(v)<\/span><br \/> porcini mushrooms<\/h5>\n<h5>The seafaring way <span class=\"ingredients\">(v)<\/span><br \/> eel<span class=\"ingredients\">, squid, gamberries and prawns<\/span><\/h5>\n<h5>With king prawn and roasted <br \/>octopus <span class=\"ingredients\">(v)<\/span><br \/><span class=\"ingredients\">cherry tomatoes, leeks and parmesan shavings<\/span><\/h5>\n<p><a id=\"lignji\"><\/a><\/p>\n<h3>Squids<\/h3>\n<h5>Frigani <span class=\"ingredients\">(v)<br \/><\/span><span class=\"ingredients\">squid, cornflour, tartar sauce<\/span><\/h5>\n<h5>The Trieste way <span class=\"ingredients\">(v)<\/span><br \/><span class=\"ingredients\">squid, roast potatoes and Trieste sauce<\/span><\/h5>\n<h5>Stuffed with gamberi and mozzarella <span class=\"ingredients\">(v)<\/span><br \/><span class=\"ingredients\">stuffed squid, roast potatoes, trattoria sauce<\/span><\/h5>\n<h5>Piranese style from the frying pan <span class=\"ingredients\">(v)<\/span><br \/><span class=\"ingredients\">squid, olives and roast potatoes<\/span><\/h5>\n<h5>Three squid <span class=\"ingredients\">(for two persons)<\/span> <span class=\"ingredients\">(v)<\/span><br \/><span class=\"ingredients\">frigani, Triegian style and stuffed, roast potatoes, Triegian and Tatar sauce<\/span><\/h5>\n<h5>Trout in a pan <span class=\"ingredients\">(v)<\/span><br \/> with<span class=\"ingredients\">vegetables and baked potatoes <\/span> <\/h5>\n<p><a id=\"glavne-mesne\"><\/a><\/p>\n<h3>Main meat dishes<\/h3>\n<p><em>Vegetable side dishes consist of fresh, seasonal vegetables<\/em><\/p>\n<h5>Viennese-style turkey steak with pommes frites <\/h5>\n<h5>Grilled turkey steak, roasted potatoes and vegetables<\/h5>\n<h5>Grilled pork tenderloin medallions, roasted potatoe and vegetables<\/h5>\n<h5>Karst-style pork tenderloin medallions with prosciutto and mozzarella, roasted potatoe and vegetables<\/h5>\n<h5>Grilled rump steak, roasted potatoe and vegetables<\/h5>\n<h5>Lumberjack-style rump steak with porcini, roasted potatoe and vegetables<\/h5>\n<h5>Rump steak with truffles, roasted potatoe and vegetables<\/h5>\n<h5>Ribn&#8217;\u0161ka ponvica<br \/> <span class=\"ingredients\">medallions of pork tenderloin, rump steak, roast potatoes and seasonal vegetable side dish<\/span><\/h5>\n<h5>Steak of the Count of Turia, gratinated in a wood oven <br \/><span class=\"ingredients\">Ramstek with fresh mushrooms, potatoes, tomatoes and mozzarella<\/span><\/h5>\n<h5>Roast leg of lamb<br \/> with<span class=\"ingredients\">Mediterranean vegetables and roast potatoes<\/span><\/h5>\n<h5>Pork ribs with BBQ sauce, roasted in the wood oven<br \/> with<span class=\"ingredients\">roasted potatoes with parmesan and rosemary<\/span><\/h5>\n<p><a id=\"za-najmlajse\"><\/a><\/p>\n<h3>For children<\/h3>\n<h5>Pizza little Harlekin<\/h5>\n<h5>Viennese turkey schnitzel with pommes frites<\/h5>\n<p><em>It comes with a lollipop.<\/em><\/p>\n<p><a id=\"priloge\"><\/a><\/p>\n<h3>Side dishes<\/h3>\n<h5>Potato <span class=\"ingredients\">\u2013 roasted, fried, pommes frites<\/span><\/h5>\n<h5>\u0160truklji <span class=\"ingredients\">(3 kosi)<\/span><\/h5>\n<h5>Rice on butter<\/h5>\n<h5>Seasonal vegetables <span class=\"ingredients\">\u2013 roasted or boiled<\/span><\/h5>\n<p><a id=\"solate\"><\/a><\/p>\n<h3>Salads<\/h3>\n<h5>Seasonal salad <span class=\"ingredients\">(v)<\/span><\/h5>\n<h5>Harlequin salad <br \/><span class=\"ingredients\">lettuce, cabbage, beans, cucumbers, tomatoes, peppers, corn, cheese, ham, tartar sauce, olive<\/span><\/h5>\n<h5>Greek salad <span class=\"ingredients\">(v)<\/span><br \/><span class=\"ingredients\">tomatoes, cucumbers, peppers, black olives, feta cheese<\/span><\/h5>\n<h5>Summer salad <span class=\"ingredients\">(v)<\/span><br \/><span class=\"ingredients\">lettuce, cabbage, arugula, peppers, cucumber, corn, carrots, leek, feta cheese, chervil, yoghurt dressing<\/span><\/h5>\n<h5>Salad with young cheese <span class=\"ingredients\">(v)<\/span><br \/><span class=\"ingredients\">lettuce, rocket, peppers, courgettes, mushrooms, leek, chervil, grilled cheese<\/span><\/h5>\n<h5>Chicken salad<br \/><span class=\"ingredients\">lettuce, arugula, courgettes, aubergine, chervil, chicken, parmesan, sweet chilli sauce<\/span><\/h5>\n<h5>Mediterranean salad <span class=\"ingredients\">(v)<\/span><br \/><span class=\"ingredients\">lettuce, rocket, tomatoes, peppers, onions, green olives, tuna<\/span><\/h5>\n<h5>Mexican salad<br \/><span class=\"ingredients\">lettuce, rocket, chervil, red beans, corn, peppers, fried pork tenderloin<\/span><\/h5>\n<div class=\"delimeter-left\"><\/div>\n<p class=\"footnote\">(v) &#8211; The dish is suitable for vegetarians.<\/p>\n<div class=\"prev-nxt-navigation\">\n<p><span class=\"meta-navigation align-left float-left\"><img loading=\"lazy\" decoding=\"async\" class=\"intext-img-left\" src=\"http:\/\/www.harlekin.si\/wp-content\/themes\/harlekin\/images\/arrow-left.png\" width=\"16\" height=\"6\">to the beginning<\/span><br \/>\n<span class=\"align-left float-left\"><a href=\"#page-title\">Menu<\/a> &#8211; <a href=\"#druga-rihta\">Second rihta<\/a><\/span><br class=\"clearer\"><\/p>\n<\/div>\n<\/div>\n<div class=\"clearer\"><\/div>\n<p><a id=\"pice-iz-krusne-peci\"><\/a><\/p>\n<h2 class=\"with-sub-title\">Pizzas from wood burning oven<\/h2>\n<p class=\"h2-sub-title\"><a href=\"#klasicne-pice\">Classic pizzas<\/a> \u2022 <a href=\"#hisne-pice\">House pizzas<\/a> \u2022 <a href=\"#morske-pice\">Seafood pizzas<\/a> \u2022 <a href=\"#pikantne-pice\">Spicy pizzas<\/a> \u2022 <a href=\"#vegetarijanske-pice\">Vegetarian pizzas<\/a> \u2022 <a href=\"#picete-lepinje\">Pizzetas and pittas<\/a> \u2022 <a href=\"#dodatki-picam\">Additions to pizzas<\/a><\/p>\n<div id=\"attachment_11489\" class=\"wp-caption alignleft\" style=\"width: 292px\"><img loading=\"lazy\" decoding=\"async\" src=\"http:\/\/www.harlekin.si\/wp-content\/uploads\/2013\/11\/pica-z-morskimi-sadezi-292x412.jpg\" alt=\"Pizza with sea fruits\" width=\"292\" height=\"412\" class=\"size-medium wp-image-118\" srcset=\"http:\/\/www.harlekin.si\/wp-content\/uploads\/2013\/11\/pica-z-morskimi-sadezi-292x412.jpg 292w, http:\/\/www.harlekin.si\/wp-content\/uploads\/2013\/11\/pica-z-morskimi-sadezi-616x870.jpg 616w, http:\/\/www.harlekin.si\/wp-content\/uploads\/2013\/11\/pica-z-morskimi-sadezi.jpg 665w\" sizes=\"auto, (max-width: 292px) 100vw, 292px\" \/><p class=\"wp-caption-text\">Pizza with sea fruits<\/p><\/div>\n<div class=\"column-2-4 align-left\">\n<p><em>All pizzas, pizzettes and pittas can also be prepared from whole wheat flour.<\/em><\/p>\n<p><a id=\"klasicne-pice\"><\/a><\/p>\n<h3>Classic pizzas <span class=\"ingredients\">\u2013 <small>small<\/small>, large<\/span><\/h3>\n<h5>Margerita <span class=\"ingredients\">(v)<\/span><br \/><span class=\"ingredients\">pelati, mocarela fior di latte, origano<\/span><\/h5>\n<h5>Romana<br \/><span class=\"ingredients\">pelati, mozzarella fior di latte, ham, oregano<\/span><\/h5>\n<h5>Mushrooms <span class=\"ingredients\">(v)<\/span><br \/><span class=\"ingredients\">pelati, mozzarella fior di latte, mushrooms, oregano<\/span><\/h5>\n<h5>The Four Seasons<br \/><span class=\"ingredients\">pelati, mozzarella fior di latte, ham, mushrooms, oregano<\/span><\/h5>\n<h5>Hot dogs<br \/><span class=\"ingredients\">pelati, mozzarella fior di latte, hot dogs, mushrooms, olive, oregano<\/span><\/h5>\n<h5>Harlequin<br \/><span class=\"ingredients\">pelati, mozzarella fior di latte, ham, mushrooms, hot dogs, olive, oregano<\/span><\/h5>\n<h5>Crustacean<br \/><span class=\"ingredients\">pelati, mozzarella fior di latte, mushrooms, olive, oregano, prosciutto<\/span><\/h5>\n<h5>Hungarian<br \/><span class=\"ingredients\">pelati, mozzarella fior di latte, ham, Hungarian salami, mushrooms, oregano, sour cream, ajvar<\/span><\/h5>\n<h5>Rustic<br \/><span class=\"ingredients\">pelati, mozzarella fior di latte, pancetta, onion, mushrooms, sausage, oregano<\/span><\/h5>\n<h5>Calcone <span class=\"ingredients\">(folded)<\/span><br \/><span class=\"ingredients\">pelati, mozzarella fior di latte, ham, mushrooms, sour cream, oregano<\/span><\/h5>\n<h5>Pizza Spica<br \/><span class=\"ingredients\">pelati, mozzarella fior di latte, ham, Hungarian salami, mushrooms, hot dogs, pepperoni, oregano, trattoria sauce, prosciutto, ajvar, sour cream<\/span><\/h5>\n<h5>T&#8217; dr&#8217;ga\u010dna<br \/><span class=\"ingredients\">pelati, mozzarella fior di latte, ham, Hungarian salami, mushrooms, hot dogs, cabbage, radicchio or lettuce, beans, tuna, tartar sauce<\/span><\/h5>\n<p><a id=\"hisne-pice\"><\/a><\/p>\n<h3>House pizzas <span class=\"ingredients\">\u2013 <small>small<\/small>, large<\/span><\/h3>\n<h5>Beer<br \/><span class=\"ingredients\">mozzarella fior di latte, pancetta, neck meat, prosciutto, dry salami, oregano<\/span><\/h5>\n<h5>Ribn&#8217;chan<br \/><span class=\"ingredients\">pelati, mozzarella fior di latte, neck meat, tomatoes, porcini mushrooms, basil<\/span><\/h5>\n<h5>St. Anne <br \/><span class=\"ingredients\">tomato sauce, mozzarella fior di latte, chicken meat, arugula, sour cream, parmesan<\/span><\/h5>\n<h5>Forestry<br \/><span class=\"ingredients\">pelati, mozzarella fior di latte, neck meat, Hungarian salami, porcini mushrooms, hard-boiled egg, horseradish<\/span><\/h5>\n<p><a id=\"morske-pice\"><\/a><\/p>\n<h3>Seafood pizzas <span class=\"ingredients\">\u2013 <small>small<\/small>, large<\/span><\/h3>\n<h5>Naval <span class=\"ingredients\">(v)<\/span><br \/><span class=\"ingredients\">pelati, mozzarella fior di latte, salted fillets, garlic, oregano<\/span><\/h5>\n<h5>Tuna pizza <span class=\"ingredients\">(v)<\/span><br \/><span class=\"ingredients\">pelati, mozzarella fior di latte, tuna, onion, oregano<\/span><\/h5>\n<h5>Gamberi <span class=\"ingredients\">(v)<\/span><br \/><span class=\"ingredients\">pelati, mozzarella fior di latte, gamberi, arugula, parmesan, oregano<\/span><\/h5>\n<h5>Seafood pizza <span class=\"ingredients\">(v)<\/span><br \/><span class=\"ingredients\">pelati, mozzarella fior di latte, seafood, olives, oregano, tarragon sauce<\/span><\/h5>\n<p><a id=\"pikantne-pice\"><\/a><\/p>\n<h3>Spicy pizzas <span class=\"ingredients\">\u2013 <small>small<\/small>, large<\/span><\/h3>\n<h5>Spicy<br \/><span class=\"ingredients\">pelati, mozzarella fior di latte, dry salami, tabasco, mushrooms, pepperoni, oregano, garlic<\/span><\/h5>\n<h5>Cress<br \/><span class=\"ingredients\">pelati, mozzarella fior di latte, chilli, smoked neck meat, pepperoni, oregano, egg, ajvar<\/span><\/h5>\n<h5>Chicken<br \/><span class=\"ingredients\">pelati, mozzarella fior di latte, chilli, dry salami, mushrooms, onion, nacho cheese, oregano<\/span><\/h5>\n<p><a id=\"vegetarijanske-pice\"><\/a><\/p>\n<h3>Vegetarian pizzas <span class=\"ingredients\">\u2013 <small>small<\/small>, large<\/span><\/h3>\n<h5>Vegetarian <span class=\"ingredients\">(v)<\/span><br \/><span class=\"ingredients\">pelati, mozzarella fior di latte, asparagus, capers, artichokes, mushrooms, olives, corn, peppers, oregano<\/span><\/h5>\n<h5>Four cheeses <span class=\"ingredients\">(in)<\/span><br \/><span class=\"ingredients\">pelati, gavda, mozzarella fior di latte, gorgonzola, parmesan, oregano<\/span><\/h5>\n<h5>Feta <span class=\"ingredients\">(v)<\/span><br \/><span class=\"ingredients\">pelati, fresh basil, olives, garlic, artichokes, feta cheese<\/span><\/h5>\n<h5>Arugula <span class=\"ingredients\">(v)<\/span><br \/><span class=\"ingredients\">pelati, fresh tomatoes, mushrooms, oregano, arugula, parmesan<\/span><\/h5>\n<h5>Mediterranean <span class=\"ingredients\">(v)<\/span><br \/><span class=\"ingredients\">pelati, mozzarella fior di latte, tomatoes, artichokes, feta cheese, rosemary<\/span><\/h5>\n<h5>Spring <span class=\"ingredients\">(v)<\/span><br \/><span class=\"ingredients\">pelati, mozzarella fior di latte, garlic, basil, tomatoes, sunflower and pumpkin seeds, oregano<\/span><\/h5>\n<h5>Light <span class=\"ingredients\">(v)<\/span><br \/><span class=\"ingredients\">pelati, mozzarella fior di latte, asparagus, capers, olives, oregano<\/span><\/h5>\n<p><a id=\"picete-lepinje\"><\/a><\/p>\n<h3>Pizzettas and pittas<\/h3>\n<h5>Pizzetta<\/h5>\n<h5>with cheese <span class=\"ingredients\">(v)<\/span><br \/>in the style of Trieste <span class=\"ingredients\">(v)<\/span><br \/>with basil <span class=\"ingredients\">(v)<\/span><br \/>with pancetta<\/h5>\n<h5>Pitta<\/h5>\n<p><a id=\"dodatki-picam\"><\/a><\/p>\n<h3>Additions to pizzas<\/h3>\n<p>ketchup<br \/>sour cream \/ ajvar \/ peppers \/ onions \/ cabbage<br \/>lettuce \/ beans \/ olives \/ hot peppers<br \/>egg \/ pelati \/ garlic<br \/>tratta sauce \/ tartar sauce \/ horseradish<br \/>capers \/ seeds \/ asparagus \/ corn \/ mushrooms \/ fresh tomatoes<br \/>artichokes \/ basil \/ arugula<br \/>ham \/ hot dogs<br \/>mozzarella fior di latte \/ nacho cheese \/ parmesan \/ gorgonzola<br \/>dry salami \/ sausage \/ neck meat<br \/>salted fillets \/ tuna<br \/>prosciutto \/ pancetta \/ porcini \/ porcini mushrooms \/ seafood \/ gamberi<\/p>\n<p>pizza dough<\/p>\n<p>PVC container<br \/>ALU container<br \/>pizza packaging<\/p>\n<div class=\"delimeter-left\"><\/div>\n<p class=\"footnote\">(v) &#8211; The dish is suitable for vegetarians.<\/p>\n<div class=\"prev-nxt-navigation\">\n<p><span class=\"meta-navigation align-left float-left\"><img loading=\"lazy\" decoding=\"async\" class=\"intext-img-left\" src=\"http:\/\/www.harlekin.si\/wp-content\/themes\/harlekin\/images\/arrow-left.png\" width=\"16\" height=\"6\">to the beginning<\/span><br \/>\n<span class=\"align-left float-left\"><a href=\"#page-title\">Menu<\/a> &#8211; <a href=\"#pice-iz-krusne-peci\">Bread oven pizzas<\/a><\/span><br class=\"clearer\"><\/p>\n<\/div>\n<\/div>\n<div class=\"clearer\"><\/div>\n<p><a id=\"tretja-rihta\"><\/a><\/p>\n<h2 class=\"with-sub-title\">Third course<span class=\"unbold\">\u2014afters<\/span><\/h2>\n<p class=\"h2-sub-title\"><a href=\"#sladice\">Desserts<\/a><\/p>\n<div id=\"attachment_11485\" class=\"wp-caption alignleft\" style=\"width: 292px\"><img loading=\"lazy\" decoding=\"async\" src=\"http:\/\/www.harlekin.si\/wp-content\/uploads\/2013\/11\/jabolcni-zavitek-292x412.jpg\" alt=\"Apple strudel\" width=\"292\" height=\"412\" class=\"size-medium wp-image-114\" srcset=\"http:\/\/www.harlekin.si\/wp-content\/uploads\/2013\/11\/jabolcni-zavitek-292x412.jpg 292w, http:\/\/www.harlekin.si\/wp-content\/uploads\/2013\/11\/jabolcni-zavitek-616x870.jpg 616w, http:\/\/www.harlekin.si\/wp-content\/uploads\/2013\/11\/jabolcni-zavitek.jpg 665w\" sizes=\"auto, (max-width: 292px) 100vw, 292px\" \/><p class=\"wp-caption-text\">Apple strudel<\/p><\/div>\n<div class=\"column-2-4 align-left\">\n<p><a id=\"sladice\"><\/a><\/p>\n<h3>Desserts<\/h3>\n<h5>Daily dessert <span class=\"ingredients\">(v)<\/span><\/h5>\n<h5>Apple strudel <span class=\"ingredients\">(v)<\/span><\/h5>\n<h5>Pancakes<\/h5>\n<h5>with Nutella <span class=\"ingredients\">(v)<\/span><br \/>with walnuts <span class=\"ingredients\">(v)<\/span><br \/>with jam <span class=\"ingredients\">(v)<\/span><\/h5>\n<h5>Ice cream with hot forest fruits <span class=\"ingredients\">(v)<\/span><\/h5>\n<h5>\u0160truklji (filled rolled dumplings) z vro\u010dimi gozdnimi sade\u017ei <span class=\"ingredients\">(v)<\/span><\/h5>\n<h5>Happy pear <span class=\"ingredients\">(v)<\/span><\/h5>\n<p><em>And a selection of desserts from our daily offer.<\/em><\/p>\n<div class=\"delimeter-left\"><\/div>\n<p class=\"footnote\">(v) &#8211; The dish is suitable for vegetarians.<\/p>\n<div class=\"prev-nxt-navigation\">\n<p><span class=\"meta-navigation align-left float-left\"><img loading=\"lazy\" decoding=\"async\" class=\"intext-img-left\" src=\"http:\/\/www.harlekin.si\/wp-content\/themes\/harlekin\/images\/arrow-left.png\" width=\"16\" height=\"6\">to the beginning<\/span><br \/>\n<span class=\"align-left float-left\"><a href=\"#page-title\">Menu<\/a> &#8211; <a href=\"#tretja-rihta\">Third rihta<\/a><\/span><br class=\"clearer\"><\/p>\n<\/div>\n<\/div>\n<div class=\"clearer\"><\/div>\n<p><a id=\"napitki\"><\/a><\/p>\n<h2 class=\"with-sub-title\">Beverages<span class=\"unbold\">\u2014drinks<\/span><\/h2>\n<p class=\"h2-sub-title\"><a href=\"#brezalkoholni-napitki\">Non-alcoholic beverages<\/a> \u2022 <a href=\"#topli-napitki\">Warm beverages<\/a> \u2022 <a href=\"#pivo\">Beer<\/a> \u2022 <a href=\"#vina\">House wines<\/a> \u2022 <a href=\"#zgane-pijace\">Spirits<\/a><\/p>\n<div id=\"attachment_11497\" class=\"wp-caption alignleft\" style=\"width: 292px\"><img loading=\"lazy\" decoding=\"async\" src=\"http:\/\/www.harlekin.si\/wp-content\/uploads\/2013\/11\/tocilni-pult-292x412.jpg\" alt=\"Bar\" width=\"292\" height=\"412\" class=\"size-medium wp-image-126\" srcset=\"http:\/\/www.harlekin.si\/wp-content\/uploads\/2013\/11\/tocilni-pult-292x412.jpg 292w, http:\/\/www.harlekin.si\/wp-content\/uploads\/2013\/11\/tocilni-pult-616x870.jpg 616w, http:\/\/www.harlekin.si\/wp-content\/uploads\/2013\/11\/tocilni-pult.jpg 665w\" sizes=\"auto, (max-width: 292px) 100vw, 292px\" \/><p class=\"wp-caption-text\">Bar<\/p><\/div>\n<div class=\"column-2-4 align-left\">\n<p><a id=\"brezalkoholni-napitki\"><\/a><\/p>\n<h3>Non-alcoholic beverages<\/h3>\n<h5>Ora orangeade <span class=\"ingredients\">(original)<\/span><\/h5>\n<h5>Radenska sparkling mineral water<\/h5>\n<h5>Lemonade <span class=\"ingredients\">\u2013 natural<\/span><\/h5>\n<h5>Juice<\/h5>\n<h5>apple<br \/>orange<\/h5>\n<h4>Non-alcoholic beverages in bottles and cans<\/h4>\n<h5>Fructal Premium Juice<br \/><span class=\"ingredients\">blueberry, strawberry, peach, orange, pineapple<\/span><\/h5>\n<h5>Cocta<\/h5>\n<h5>Pepsi Cola <\/h5>\n<h5>Schweppes<br \/> Bitter<span class=\"ingredients\">Lemon, Tangerina<\/span><\/h5>\n<h5>Ora orangeade<\/h5>\n<h5>Multi Sola multivitamin beverage<\/h5>\n<h5>Ice tea<\/h5>\n<h5>Cedevita multivitamin beverage<\/h5>\n<h5>Radenska sparkling mineral water<\/h5>\n<h5>Water <span class=\"ingredients\">(bottle) \u2013 different flavors<\/span><\/h5>\n<p><a id=\"topli-napitki\"><\/a><\/p>\n<h3>Warm beverages<\/h3>\n<p><em>Decaffeinated coffee beverages are also available.<\/em><\/p>\n<h5>Coffee<\/h5>\n<h5>without additives <span class=\"ingredients\">(express)<\/span><br \/>with cream<br \/>with milk<br \/>white<br \/>cappuccino<br \/>macchiato<\/h5>\n<h5>Tea<\/h5>\n<h5>without additives<br \/>with lemon<br \/>with milk<\/h5>\n<h5>Cocoa<\/h5>\n<h5>without additives<br \/>with cream<\/h5>\n<h5>Honey <span class=\"ingredients\">(kos)<\/span><\/h5>\n<h5>Extra charge for decaffeinated coffee<\/h5>\n<p><a id=\"pivo\"><\/a><\/p>\n<h3>Beer<\/h3>\n<h4>Draught beer<\/h4>\n<h5>Zlatorog <span class=\"ingredients\">\u2013 pale \/ dark \/ mixed<\/span><\/h5>\n<h5>a lot<br \/>a little<br \/>mini<\/h5>\n<h4>Bottled beer<\/h4>\n<h5>La\u0161ko<\/h5>\n<h5>Non-alcoholic<\/h5>\n<h5>Erdinger<\/h5>\n<h5>Non-alcoholic<br \/>Non-alcoholic <span class=\"ingredients\">&#8211; lemon<\/span><br \/>Wheat <span class=\"ingredients\">&#8211; light<\/span><br \/>Wheat <span class=\"ingredients\">&#8211; dark<\/span><\/h5>\n<h5>Union<\/h5>\n<h5>Grand<br \/>Tivoli<br \/>Unfiltered <span class=\"ingredients\">&#8211; light<\/span><br \/>Unfiltered <span class=\"ingredients\">&#8211; dark<\/span><\/h5>\n<h5>Heineken<\/h5>\n<h5>House craft beer<\/h5>\n<h5>Queen of the Horn <span class=\"ingredients\">&#8211; pale ale<\/span><br \/>Bunker <span class=\"ingredients\">&#8211; porter<\/span><br \/>kipa <span class=\"ingredients\">&#8211; india pale ale<\/span><br \/>Pragozd <span class=\"ingredients\">&#8211; amber ale <\/span> <\/h5>\n<h4>Beer beverages<\/h4>\n<h5>Union Radler<\/h5>\n<p><a id=\"vina\"><\/a><\/p>\n<h3>House wines<\/h3>\n<h4>White wines<\/h4>\n<h5>House white<br \/> Vina<span class=\"ingredients\">Pulec, Gori\u0161ka brda<br \/>dry<\/span><\/h5>\n<h5>White Star, Wine Purchased<br \/><span class=\"ingredients\">Jeruzalem-Flowers<br \/>semi-dry<\/span><\/h5>\n<h4>Red wines<\/h4>\n<h5>House red<br \/> Vina<span class=\"ingredients\">Pulec, Gori\u0161ka brda<br \/>dry<\/span><\/h5>\n<h5>Refo\u0161k, Bordon<br \/><span class=\"ingredients\">Dekani<br \/>dry<\/span><\/h5>\n<h5>Cvi\u010dek &#8211; Plet\u00e9r, Pleterje Cartouche<br \/><span class=\"ingredients\">Pleterje<br \/>dry<\/span><\/h5>\n<p><a id=\"zgane-pijace\"><\/a><\/p>\n<h3>Spirits<\/h3>\n<h5>Jack Daniel\u2019s<\/h5>\n<h5>Brandy with herbs<\/h5>\n<h5>Fruit brandy<\/h5>\n<h5>Walnut brandy<\/h5>\n<h5>Viljamovka (Williams pear brandy)<\/h5>\n<h5>Blueberry liqueur <\/h5>\n<h5>J\u00e4germeister <\/h5>\n<h5>Martini bianco<\/h5>\n<div class=\"prev-nxt-navigation\">\n<p><span class=\"meta-navigation align-left float-left\"><img loading=\"lazy\" decoding=\"async\" class=\"intext-img-left\" src=\"http:\/\/www.harlekin.si\/wp-content\/themes\/harlekin\/images\/arrow-left.png\" width=\"16\" height=\"6\">to the beginning<\/span><br \/>\n<span class=\"align-left float-left\"><a href=\"#page-title\">Menu<\/a> &#8211; <a href=\"#napitki\">Beverages<\/a><\/span><br class=\"clearer\"><\/p>\n<\/div>\n<\/div>\n<div class=\"clearer\"><\/div>\n","protected":false},"excerpt":{"rendered":"<p>First course \u2022 Second course \u2022 Pizzas from wood burning oven \u2022 Third course \u2022 Beverages First [&hellip;]<\/p>\n","protected":false},"author":1,"featured_media":0,"parent":11627,"menu_order":2,"comment_status":"closed","ping_status":"closed","template":"","meta":{"footnotes":""},"class_list":["post-11699","page","type-page","status-publish","hentry"],"_links":{"self":[{"href":"http:\/\/www.harlekin.si\/en\/wp-json\/wp\/v2\/pages\/11699","targetHints":{"allow":["GET"]}}],"collection":[{"href":"http:\/\/www.harlekin.si\/en\/wp-json\/wp\/v2\/pages"}],"about":[{"href":"http:\/\/www.harlekin.si\/en\/wp-json\/wp\/v2\/types\/page"}],"author":[{"embeddable":true,"href":"http:\/\/www.harlekin.si\/en\/wp-json\/wp\/v2\/users\/1"}],"replies":[{"embeddable":true,"href":"http:\/\/www.harlekin.si\/en\/wp-json\/wp\/v2\/comments?post=11699"}],"version-history":[{"count":11,"href":"http:\/\/www.harlekin.si\/en\/wp-json\/wp\/v2\/pages\/11699\/revisions"}],"predecessor-version":[{"id":13585,"href":"http:\/\/www.harlekin.si\/en\/wp-json\/wp\/v2\/pages\/11699\/revisions\/13585"}],"up":[{"embeddable":true,"href":"http:\/\/www.harlekin.si\/en\/wp-json\/wp\/v2\/pages\/11627"}],"wp:attachment":[{"href":"http:\/\/www.harlekin.si\/en\/wp-json\/wp\/v2\/media?parent=11699"}],"curies":[{"name":"wp","href":"https:\/\/api.w.org\/{rel}","templated":true}]}}