{"id":11698,"date":"2013-11-07T14:46:00","date_gmt":"2013-11-07T13:46:00","guid":{"rendered":"http:\/\/www.harlekin.si\/the-inn-and-pizzeria\/wine-list\/"},"modified":"2023-03-31T16:59:12","modified_gmt":"2023-03-31T14:59:12","slug":"wine-list","status":"publish","type":"page","link":"http:\/\/www.harlekin.si\/en\/inn\/wine-list\/","title":{"rendered":"Wine list"},"content":{"rendered":"<p class=\"introduction\"><a href=\"#bela-vina\">White wines<\/a> \u2022 <a href=\"#rdeca-vina\">Red wines<\/a> \u2022 <a href=\"#penine\">Sparkling wines<\/a><\/p>\n<p><a id=\"bela-vina\"><\/a><\/p>\n<h3>White wines<\/h3>\n<div class=\"column-2-4-first align-left\">\n<p><img loading=\"lazy\" decoding=\"async\" src=\"http:\/\/www.harlekin.si\/wp-content\/uploads\/2013\/11\/rumena-rebula-dolfo.jpg\" alt=\"Rumena rebula, Dolfo\" width=\"49\" height=\"135\" class=\"alignleft size-full wp-image-149\"><\/p>\n<h5>Rumena rebula, Dolfo<br \/>\n<span class=\"ingredients\">Primorska wine-growing region, Gori\u0161ka brda wine-growing district<\/span><\/h5>\n<p><span class=\"ingredients\">dry<\/span><\/p>\n<p><span class=\"ingredients\">12,5 % alc. by vol.<\/span><br class=\"clearer\"><\/p>\n<p><img loading=\"lazy\" decoding=\"async\" src=\"http:\/\/www.harlekin.si\/wp-content\/uploads\/2013\/11\/malvazija-bordon.jpg\" alt=\"Malvazija, Bordon\" width=\"49\" height=\"135\" class=\"alignleft size-full wp-image-115\"><\/p>\n<h5>Malvazija, Bordon<br \/>\n<span class=\"ingredients\">Primorska wine-growing region, Slovenska Istra wine-growing district<\/span><\/h5>\n<p><span class=\"ingredients\">dry<\/span><\/p>\n<p><span class=\"ingredients\">14,0 % alc. by vol.<\/span><br class=\"clearer\"><\/p>\n<p><img loading=\"lazy\" decoding=\"async\" src=\"http:\/\/www.harlekin.si\/wp-content\/uploads\/2013\/11\/zelen-guerila.jpg\" alt=\"Zelen, Guerila\" width=\"49\" height=\"135\" class=\"alignleft size-full wp-image-127\"><\/p>\n<h5>Zelen, Guerila<br \/>\n<span class=\"ingredients\">Primorska wine-growing region, Vipavska dolina wine-growing district<\/span><\/h5>\n<p><span class=\"ingredients\">dry<\/span><\/p>\n<p><span class=\"ingredients\">11,5 % alc. by vol.<\/span><br class=\"clearer\"><\/p>\n<p><img loading=\"lazy\" decoding=\"async\" src=\"http:\/\/www.harlekin.si\/wp-content\/uploads\/2013\/11\/dummy-wine-bottle2.png\" alt=\"Dummy wine bottle\" width=\"49\" height=\"135\" class=\"alignleft size-full wp-image-111\"><\/p>\n<h5>Traminec, Vino Kupljen<br \/>\n<span class=\"ingredients\">Podravje wine-growing region, \u0160tajerska Slovenija wine-growing district<\/span><br \/><\/h5>\n<p><span class=\"ingredients\">semi-sweet<\/span><\/p>\n<p><span class=\"ingredients\">13,0 % alc. by vol.<\/span><br class=\"clearer\"><\/p>\n<p><img loading=\"lazy\" decoding=\"async\" src=\"http:\/\/www.harlekin.si\/wp-content\/uploads\/2013\/11\/dummy-wine-bottle2.png\" alt=\"Dummy wine bottle\" width=\"49\" height=\"135\" class=\"alignleft size-full wp-image-111\"><\/p>\n<h5>Podravje wine-growing region, \u0160tajerska Slovenija wine-growing district<br \/>\n<span class=\"ingredients\">Podravje wine-growing region, \u0160tajerska Slovenija wine-growing district<\/span><\/h5>\n<p><span class=\"ingredients\">dry<\/span><\/p>\n<p><span class=\"ingredients\">13,0 % alc. by vol.<\/span><br class=\"clearer\"><\/p>\n<\/div>\n<div class=\"column-2-4 align-left\">\n<p><img loading=\"lazy\" decoding=\"async\" src=\"http:\/\/www.harlekin.si\/wp-content\/uploads\/2013\/11\/sivi-pinot-dolfo.jpg\" alt=\"Sivi pinot, Dolfo\" width=\"49\" height=\"135\" class=\"alignleft size-full wp-image-124\"><\/p>\n<h5>Sivi pinot, Dolfo<br \/>\n<span class=\"ingredients\">Primorska wine-growing region, Gori\u0161ka brda wine-growing district<\/span><\/h5>\n<p><span class=\"ingredients\">dry<\/span><\/p>\n<p><span class=\"ingredients\">13,0 % alc. by vol.<\/span><br class=\"clearer\"><\/p>\n<p><img loading=\"lazy\" decoding=\"async\" src=\"http:\/\/www.harlekin.si\/wp-content\/uploads\/2013\/11\/sladki-muskat-vinakoper.jpg\" alt=\"Sladki mu\u0161kat, Vinakoper\" width=\"49\" height=\"135\" class=\"alignleft size-full wp-image-125\"><\/p>\n<h5>Sladki mu\u0161kat, Vinakoper<br \/>\n<span class=\"ingredients\">Primorska wine-growing region, Slovenska Istra wine-growing district<\/span><br \/><\/h5>\n<p><span class=\"ingredients\">sweet<\/span><\/p>\n<p><span class=\"ingredients\">9,5 % alc. by vol.<\/span><br class=\"clearer\"><\/p>\n<p><img loading=\"lazy\" decoding=\"async\" src=\"http:\/\/www.harlekin.si\/wp-content\/uploads\/2013\/11\/pinela-guerila.jpg\" alt=\"Pinela, Guerila\" width=\"49\" height=\"135\" class=\"alignleft size-full wp-image-119\"><\/p>\n<h5>Pinela, Guerila<br \/>\n<span class=\"ingredients\">Primorska wine-growing region, Vipavska dolina wine-growing district<\/span><\/h5>\n<p><span class=\"ingredients\">sweet<\/span><\/p>\n<p><span class=\"ingredients\">13,0 % alc. by vol.<\/span><br class=\"clearer\"><\/p>\n<p><img loading=\"lazy\" decoding=\"async\" src=\"http:\/\/www.harlekin.si\/wp-content\/uploads\/2013\/11\/dummy-wine-bottle2.png\" alt=\"Dummy wine bottle\" width=\"49\" height=\"135\" class=\"alignleft size-full wp-image-111\"><\/p>\n<h5>Rumeni mu\u0161kat, Vino Kupljen<br \/>\n<span class=\"ingredients\">Podravje wine-growing region, \u0160tajerska Slovenija wine-growing district<\/span><\/h5>\n<p><span class=\"ingredients\">semi-sweet<\/span><\/p>\n<p><span class=\"ingredients\">11,0 % alc. by vol.<\/span><br class=\"clearer\"><\/p>\n<\/div>\n<div class=\"clearer\"><\/div>\n<p><a id=\"rdeca-vina\"><\/a><\/p>\n<h3>Red wines<\/h3>\n<div class=\"column-2-4-first align-left\">\n<p><img loading=\"lazy\" decoding=\"async\" src=\"http:\/\/www.harlekin.si\/wp-content\/uploads\/2013\/11\/merlot-dolfo.jpg\" alt=\"Merlot, Dolfo\" width=\"49\" height=\"135\" class=\"alignleft size-full wp-image-117\"><\/p>\n<h5>Merlot, Dolfo<br \/>\n<span class=\"ingredients\">Primorska wine-growing region, Gori\u0161ka brda wine-growing district<\/span><\/h5>\n<p><span class=\"ingredients\">dry<\/span><\/p>\n<p><span class=\"ingredients\">13,0 % alc. by vol.<\/span><br class=\"clearer\"><\/p>\n<p><img loading=\"lazy\" decoding=\"async\" src=\"http:\/\/www.harlekin.si\/wp-content\/uploads\/2013\/11\/e.vin-rose-bordon.jpg\" alt=\"E.Vin Ros\u00e9, Bordon\" width=\"49\" height=\"135\" class=\"alignleft size-full wp-image-112\"><\/p>\n<h5>E.Vin Ros\u00e9, Bordon<br \/>\n<span class=\"ingredients\">Primorska wine-growing region, Slovenska Istra wine-growing district<\/span><\/h5>\n<p><span class=\"ingredients\">semi-dry<\/span><\/p>\n<p><span class=\"ingredients\">12,0 % alc. by vol.<\/span><br class=\"clearer\"><\/p>\n<\/div>\n<div class=\"column-2-4 align-left\">\n<p><img loading=\"lazy\" decoding=\"async\" src=\"http:\/\/www.harlekin.si\/wp-content\/uploads\/2013\/11\/cabernet-sauvignon-dolfo.jpg\" alt=\"Cabernet sauvignon, Dolfo\" width=\"49\" height=\"135\" class=\"alignleft size-full wp-image-109\"><\/p>\n<h5>Cabernet sauvignon, Dolfo<br \/>\n<span class=\"ingredients\">Primorska wine-growing region, Gori\u0161ka brda wine-growing district<\/span><\/h5>\n<p><span class=\"ingredients\">dry<\/span><\/p>\n<p><span class=\"ingredients\">13,0 % alc. by vol.<\/span><br class=\"clearer\"><\/p>\n<p><img loading=\"lazy\" decoding=\"async\" src=\"http:\/\/www.harlekin.si\/wp-content\/uploads\/2013\/11\/refosk-rex-fuscus-vinkoper.jpg\" alt=\"Refo\u0161k Rex Fuscus, Vinkoper\" width=\"49\" height=\"135\" class=\"alignleft size-full wp-image-123\"><\/p>\n<h5>Refo\u0161k Rex Fuscus, Vinakoper<br \/>\n<span class=\"ingredients\">Primorska wine-growing region, Slovenska Istra wine-growing district<\/span><\/h5>\n<p><span class=\"ingredients\">dry<\/span><\/p>\n<p><span class=\"ingredients\">12,5 % alc. by vol.<\/span><br class=\"clearer\"><\/p>\n<\/div>\n<div class=\"clearer\"><\/div>\n<p><a id=\"penine\"><\/a><\/p>\n<h3>Sparkling wines<\/h3>\n<div class=\"column-2-4-first align-left\">\n<p><img loading=\"lazy\" decoding=\"async\" src=\"http:\/\/www.harlekin.si\/wp-content\/uploads\/2013\/11\/dummy-wine-bottle2.png\" alt=\"Dummy wine bottle\" width=\"49\" height=\"135\" class=\"alignleft size-full wp-image-111\"><\/p>\n<h5>Rosalija, Vinogradni\u0161tvo Pe\u010dari\u010d<br \/>\n<span class=\"ingredients\">Posavje wine-growing region, Bela krajina wine-growing district<\/span><\/h5>\n<p><span class=\"ingredients\">white, dry<\/span><\/p>\n<p><span class=\"ingredients\">11,5 % alc. by vol.<\/span><br class=\"clearer\"><\/p>\n<\/div>\n<div class=\"clearer\"><\/div>\n","protected":false},"excerpt":{"rendered":"<p>White wines \u2022 Red wines \u2022 Sparkling wines White wines Rumena rebula, Dolfo Primorska wine-growing region, Gori\u0161ka [&hellip;]<\/p>\n","protected":false},"author":1,"featured_media":0,"parent":11627,"menu_order":3,"comment_status":"closed","ping_status":"closed","template":"","meta":{"footnotes":""},"class_list":["post-11698","page","type-page","status-publish","hentry"],"_links":{"self":[{"href":"http:\/\/www.harlekin.si\/en\/wp-json\/wp\/v2\/pages\/11698","targetHints":{"allow":["GET"]}}],"collection":[{"href":"http:\/\/www.harlekin.si\/en\/wp-json\/wp\/v2\/pages"}],"about":[{"href":"http:\/\/www.harlekin.si\/en\/wp-json\/wp\/v2\/types\/page"}],"author":[{"embeddable":true,"href":"http:\/\/www.harlekin.si\/en\/wp-json\/wp\/v2\/users\/1"}],"replies":[{"embeddable":true,"href":"http:\/\/www.harlekin.si\/en\/wp-json\/wp\/v2\/comments?post=11698"}],"version-history":[{"count":1,"href":"http:\/\/www.harlekin.si\/en\/wp-json\/wp\/v2\/pages\/11698\/revisions"}],"predecessor-version":[{"id":11779,"href":"http:\/\/www.harlekin.si\/en\/wp-json\/wp\/v2\/pages\/11698\/revisions\/11779"}],"up":[{"embeddable":true,"href":"http:\/\/www.harlekin.si\/en\/wp-json\/wp\/v2\/pages\/11627"}],"wp:attachment":[{"href":"http:\/\/www.harlekin.si\/en\/wp-json\/wp\/v2\/media?parent=11698"}],"curies":[{"name":"wp","href":"https:\/\/api.w.org\/{rel}","templated":true}]}}