{"id":11690,"date":"2013-11-07T15:01:55","date_gmt":"2013-11-07T14:01:55","guid":{"rendered":"http:\/\/www.harlekin.si\/company-information\/"},"modified":"2023-03-31T17:15:29","modified_gmt":"2023-03-31T15:15:29","slug":"company-information","status":"publish","type":"page","link":"http:\/\/www.harlekin.si\/en\/company-information\/","title":{"rendered":"Company information"},"content":{"rendered":"<h3>Parent company<\/h3>\n<p>Harlekin trade d.o.o., Ljubljana<br \/>\nPot na Gradi\u0161\u010de 2<br \/>\n1210 Ljubljana-\u0160entvid, Slovenia<\/p>\n<p><span class=\"field-name\">telephone:<\/span> +386 (0)1 836 15 32<br \/>\n<span class=\"field-name\">telefax<\/span>: +386 (0)83 805 184<br \/>\n<span class=\"field-name\">e-mail:<\/span> <a href=\"mailto:info@harlekin.si\">info@harlekin.si<\/a><\/p>\n<p><span class=\"field-name\">Full name<\/span>: Harlekin trade d.o.o., podjetje za storitve, gostinstvo in turizem, Ljubljana<\/p>\n<p><span class=\"field-name\">Director:<\/span> Sch\u00f6nlieb Bo\u0161tjan<\/p>\n<p><span class=\"field-name\">Share capital:<\/span> 108.763,00 EUR<\/p>\n<p><span class=\"field-name\">Registration number:<\/span> 1339362000<\/p>\n<p><span class=\"field-name\">Tax number:<\/span> SI73147133<\/p>\n<p><span class=\"field-name\">TRR (IBAN):<\/span> SI56 6000 0000 0065 837 (LON, d.d., Kranj)<\/p>\n<p><span class=\"field-name\">Registered in the court register<\/span>: 1\/31254\/00 (District Court Ljubljana)<\/p>\n<h3>Harlekin Inn and Pizzeria business unit<\/h3>\n<p>Harlekin trade d. o. o., Ljubljana, PE Gostilna in picerija Harlekin<br \/>\nGorenjska cesta 21<br \/>\n1310 Ribnica<\/p>\n<p><span class=\"field-name\">Full name:<\/span> Harlekin trade d.o.o., podjetje za storitve, gostinstvo in turizem, Ljubljana, Poslovna enota Gostilna in picerija Harlekin<\/p>\n<p><span class=\"field-name\">Representative:<\/span> Sch\u00f6nlieb Bo\u0161tjan (business unit manager)<\/p>\n<p><span class=\"field-name\">Registration number:<\/span> 1339362001<\/p>\n","protected":false},"excerpt":{"rendered":"<p>Parent company Harlekin trade d.o.o., Ljubljana Pot na Gradi\u0161\u010de 2 1210 Ljubljana-\u0160entvid, Slovenia telephone: +386 (0)1 836 [&hellip;]<\/p>\n","protected":false},"author":1,"featured_media":0,"parent":0,"menu_order":10,"comment_status":"closed","ping_status":"closed","template":"","meta":{"footnotes":""},"class_list":["post-11690","page","type-page","status-publish","hentry"],"_links":{"self":[{"href":"http:\/\/www.harlekin.si\/en\/wp-json\/wp\/v2\/pages\/11690","targetHints":{"allow":["GET"]}}],"collection":[{"href":"http:\/\/www.harlekin.si\/en\/wp-json\/wp\/v2\/pages"}],"about":[{"href":"http:\/\/www.harlekin.si\/en\/wp-json\/wp\/v2\/types\/page"}],"author":[{"embeddable":true,"href":"http:\/\/www.harlekin.si\/en\/wp-json\/wp\/v2\/users\/1"}],"replies":[{"embeddable":true,"href":"http:\/\/www.harlekin.si\/en\/wp-json\/wp\/v2\/comments?post=11690"}],"version-history":[{"count":2,"href":"http:\/\/www.harlekin.si\/en\/wp-json\/wp\/v2\/pages\/11690\/revisions"}],"predecessor-version":[{"id":11795,"href":"http:\/\/www.harlekin.si\/en\/wp-json\/wp\/v2\/pages\/11690\/revisions\/11795"}],"wp:attachment":[{"href":"http:\/\/www.harlekin.si\/en\/wp-json\/wp\/v2\/media?parent=11690"}],"curies":[{"name":"wp","href":"https:\/\/api.w.org\/{rel}","templated":true}]}}